{"id":11,"date":"2026-01-02T10:42:53","date_gmt":"2026-01-02T09:42:53","guid":{"rendered":"https:\/\/kevinlavaka.csd-it.fr\/?page_id=11"},"modified":"2026-03-22T18:16:30","modified_gmt":"2026-03-22T17:16:30","slug":"presentation-bts","status":"publish","type":"page","link":"https:\/\/kevinlavaka.csd-it.fr\/?page_id=11","title":{"rendered":"BTS SIO"},"content":{"rendered":"\n<div style=\"height:0px\" aria-hidden=\"true\" class=\"wp-block-spacer\"><\/div>\n\n\n\n<div class=\"wp-block-cover alignfull is-light\" style=\"padding-top:2%;min-height:30rem;aspect-ratio:unset;\"><img decoding=\"async\" class=\"wp-block-cover__image-background wp-image-3037\" alt=\"\" src=\"https:\/\/tyler.com\/wp-content\/uploads\/2023\/11\/island-services-banner.jpg\" style=\"object-position:50% 80%\" data-object-fit=\"cover\" data-object-position=\"50% 80%\"\/><span aria-hidden=\"true\" class=\"wp-block-cover__background has-background-dim-0 has-background-dim\"><\/span><div class=\"wp-block-cover__inner-container has-global-padding is-layout-constrained wp-container-core-cover-is-layout-ee51f2d2 wp-block-cover-is-layout-constrained\">\n<div class=\"wp-block-group alignwide is-vertical is-content-justification-center is-layout-flex wp-container-core-group-is-layout-5e763914 wp-block-group-is-layout-flex\" style=\"min-height:8rem\">\n<div class=\"wp-block-group has-global-padding is-layout-constrained wp-container-core-group-is-layout-bea02a06 wp-block-group-is-layout-constrained\">\n<h2 class=\"wp-block-heading has-text-align-center has-text-color\" style=\"color:#07277c;margin-top:0rem;margin-bottom:1.01rem;font-size:clamp(2.071rem, 2.071rem + ((1vw - 0.2rem) * 2.98), 3.71rem);font-style:normal;font-weight:400;line-height:1;text-transform:capitalize\">BTS SIO<\/h2>\n<\/div>\n<\/div>\n<\/div><\/div>\n\n\n\n<section class=\"wp-block-group alignfull has-text-color has-global-padding is-layout-constrained wp-container-core-group-is-layout-4252d6ba wp-block-group-is-layout-constrained\" style=\"color:#03081e;margin-top:0px;padding-top:6.51rem;padding-right:1rem;padding-bottom:5.5rem;padding-left:1rem;font-size:clamp(0.875rem, 0.875rem + ((1vw - 0.2rem) * 0.464), 1.13rem);font-style:normal;font-weight:400;line-height:1.4\">\n<div class=\"wp-block-columns is-layout-flex wp-container-core-columns-is-layout-db2df21c wp-block-columns-is-layout-flex\" style=\"margin-bottom:0px\">\n<div class=\"wp-block-column is-layout-flow wp-block-column-is-layout-flow\">\n<div class=\"wp-block-group has-global-padding is-content-justification-center is-layout-constrained wp-container-core-group-is-layout-b15c80d6 wp-block-group-is-layout-constrained\">\n<h3 class=\"wp-block-heading has-text-align-center has-text-color\" style=\"color:#07277c;margin-top:0.5rem;margin-bottom:1.01rem;font-size:clamp(1.556rem, 1.556rem + ((1vw - 0.2rem) * 1.916), 2.61rem);font-style:normal;font-weight:500;letter-spacing:0px;line-height:1.3;text-transform:capitalize\">Formation<\/h3>\n\n\n\n<ul class=\"wp-block-list\">\n<li>La formation se d\u00e9roule sur 2 ans<\/li>\n\n\n\n<li>Initiale ou en Alternance <\/li>\n\n\n\n<li>Forme des techniciens sp\u00e9cialis\u00e9s dans la gestion, la conception et la s\u00e9curisation des syst\u00e8mes d&rsquo;information.<\/li>\n\n\n\n<li>En deuxi\u00e8me ann\u00e9e, les \u00e9tudiants choisissent une sp\u00e9cialisation parmi deux options :<br><strong>SISR (Solutions d&rsquo;Infrastructure, Syst\u00e8mes et R\u00e9seaux)<\/strong> ou <strong>SLAM (Solutions Logicielles et Applications M\u00e9tiers)<\/strong> .<\/li>\n<\/ul>\n<\/div>\n<\/div>\n<\/div>\n<\/section>\n\n\n\n<section class=\"wp-block-group alignfull has-text-color has-global-padding is-layout-constrained wp-container-core-group-is-layout-4252d6ba wp-block-group-is-layout-constrained\" style=\"color:#03081e;margin-top:0px;padding-top:6.51rem;padding-right:1rem;padding-bottom:5.5rem;padding-left:1rem;font-size:clamp(0.875rem, 0.875rem + ((1vw - 0.2rem) * 0.464), 1.13rem);font-style:normal;font-weight:400;line-height:1.4\">\n<div class=\"wp-block-columns is-layout-flex wp-container-core-columns-is-layout-db2df21c wp-block-columns-is-layout-flex\" style=\"margin-bottom:0px\">\n<div class=\"wp-block-column is-layout-flow wp-block-column-is-layout-flow\">\n<div class=\"wp-block-group has-global-padding is-content-justification-center is-layout-constrained wp-container-core-group-is-layout-b15c80d6 wp-block-group-is-layout-constrained\">\n<h3 class=\"wp-block-heading has-text-align-center has-text-color\" style=\"color:#07277c;margin-top:0.5rem;margin-bottom:1.01rem;font-size:clamp(1.556rem, 1.556rem + ((1vw - 0.2rem) * 1.916), 2.61rem);font-style:normal;font-weight:500;letter-spacing:0px;line-height:1.3;text-transform:capitalize\">Programme <\/h3>\n\n\n\n<ul class=\"wp-block-list\">\n<li><strong>Enseignements g\u00e9n\u00e9raux<\/strong><br>Culture g\u00e9n\u00e9rale et expression<br>Anglais<br>Math\u00e9matiques<br>CEJM (Culture \u00c9conomique, Juridique et Manag\u00e9riale)<\/li>\n\n\n\n<li><strong>Enseignements professionnels communs<\/strong><br>Cybers\u00e9curit\u00e9<br>D\u00e9veloppement<br>Projet Professionnelle encadr\u00e9 (PPE)<br>Bases de donn\u00e9es<br>R\u00e9seaux<br><br><\/li>\n<\/ul>\n<\/div>\n<\/div>\n<\/div>\n<\/section>\n\n\n\n<section class=\"wp-block-group alignfull has-text-color has-global-padding is-layout-constrained wp-container-core-group-is-layout-4252d6ba wp-block-group-is-layout-constrained\" style=\"color:#03081e;margin-top:0px;padding-top:6.51rem;padding-right:1rem;padding-bottom:5.5rem;padding-left:1rem;font-size:clamp(0.875rem, 0.875rem + ((1vw - 0.2rem) * 0.464), 1.13rem);font-style:normal;font-weight:400;line-height:1.4\">\n<div class=\"wp-block-columns is-layout-flex wp-container-core-columns-is-layout-db2df21c wp-block-columns-is-layout-flex\" style=\"margin-bottom:0px\">\n<div class=\"wp-block-column is-layout-flow wp-block-column-is-layout-flow\">\n<div class=\"wp-block-group has-global-padding is-content-justification-center is-layout-constrained wp-container-core-group-is-layout-b15c80d6 wp-block-group-is-layout-constrained\">\n<h3 class=\"wp-block-heading has-text-align-center has-text-color\" style=\"color:#07277c;margin-top:0.5rem;margin-bottom:1.01rem;font-size:clamp(1.556rem, 1.556rem + ((1vw - 0.2rem) * 1.916), 2.61rem);font-style:normal;font-weight:500;letter-spacing:0px;line-height:1.3;text-transform:capitalize\">comp\u00e9tences E5<\/h3>\n\n\n\n<ul class=\"wp-block-list\">\n<li><strong>C1 \u2013 G\u00e9rer un patrimoine informatique<\/strong><br>Maintenir une vision des ressources mat\u00e9riel et logiciel d\u2019une entreprise pour optimiser leur utilisation, leur s\u00e9curit\u00e9.<br><\/li>\n\n\n\n<li><strong>C2 \u2013 R\u00e9pondre aux incidents et aux demandes <\/strong><br>Diagnostiquer et r\u00e9soudre les dysfonctionnements techniques ou fonctionnels, et prendre en charge les demandes des utilisateurs.<br><\/li>\n\n\n\n<li><strong>C3 \u2013 D\u00e9velopper la pr\u00e9sence en ligne de l&rsquo;organisation<\/strong><br>Participer \u00e0 la r\u00e9alisation \u00e0 la conception, \u00e0 l&rsquo;\u00e9volution de l&rsquo;image de l&rsquo;entreprise sur Internet et mettre en valeur ses services.<br><\/li>\n\n\n\n<li><strong>C4 \u2013 Travailler en mode projet<\/strong><br>Appliquer une m\u00e9thodologie de gestion de projet (planification, r\u00e9partition des t\u00e2ches, suivi des d\u00e9lais, coordination de l&rsquo;\u00e9quipe) afin de garantir la r\u00e9ussite des objectifs fix\u00e9s.<br><\/li>\n\n\n\n<li><strong>C5 \u2013 Mettre \u00e0 disposition des utilisateurs un service informatique<\/strong><br>Mettre en place des services num\u00e9riques accessibles, r\u00e9aliser des tests<br>n\u00e9cessaires , accompagner l&rsquo;utilisateur.<br><\/li>\n\n\n\n<li><strong>C6 \u2013 Organiser son d\u00e9veloppement professionnel<\/strong><br>Capacit\u00e9 \u00e0 d\u00e9velopper ses comp\u00e9tences professionnelles, g\u00e9rer son identit\u00e9 professionnelle, mettre en place une veille technologique.<br><\/li>\n<\/ul>\n<\/div>\n<\/div>\n<\/div>\n<\/section>\n","protected":false},"excerpt":{"rendered":"<p>Formation Programme comp\u00e9tences E5<\/p>\n","protected":false},"author":1,"featured_media":0,"parent":0,"menu_order":0,"comment_status":"closed","ping_status":"closed","template":"","meta":{"footnotes":""},"class_list":["post-11","page","type-page","status-publish","hentry"],"_links":{"self":[{"href":"https:\/\/kevinlavaka.csd-it.fr\/index.php?rest_route=\/wp\/v2\/pages\/11","targetHints":{"allow":["GET"]}}],"collection":[{"href":"https:\/\/kevinlavaka.csd-it.fr\/index.php?rest_route=\/wp\/v2\/pages"}],"about":[{"href":"https:\/\/kevinlavaka.csd-it.fr\/index.php?rest_route=\/wp\/v2\/types\/page"}],"author":[{"embeddable":true,"href":"https:\/\/kevinlavaka.csd-it.fr\/index.php?rest_route=\/wp\/v2\/users\/1"}],"replies":[{"embeddable":true,"href":"https:\/\/kevinlavaka.csd-it.fr\/index.php?rest_route=%2Fwp%2Fv2%2Fcomments&post=11"}],"version-history":[{"count":120,"href":"https:\/\/kevinlavaka.csd-it.fr\/index.php?rest_route=\/wp\/v2\/pages\/11\/revisions"}],"predecessor-version":[{"id":1491,"href":"https:\/\/kevinlavaka.csd-it.fr\/index.php?rest_route=\/wp\/v2\/pages\/11\/revisions\/1491"}],"wp:attachment":[{"href":"https:\/\/kevinlavaka.csd-it.fr\/index.php?rest_route=%2Fwp%2Fv2%2Fmedia&parent=11"}],"curies":[{"name":"wp","href":"https:\/\/api.w.org\/{rel}","templated":true}]}}