{"id":14,"date":"2026-01-02T10:43:49","date_gmt":"2026-01-02T09:43:49","guid":{"rendered":"https:\/\/kevinlavaka.csd-it.fr\/?page_id=14"},"modified":"2026-03-25T14:45:22","modified_gmt":"2026-03-25T13:45:22","slug":"projet","status":"publish","type":"page","link":"https:\/\/kevinlavaka.csd-it.fr\/?page_id=14","title":{"rendered":"Projets"},"content":{"rendered":"\n<div style=\"height:0px\" aria-hidden=\"true\" class=\"wp-block-spacer\"><\/div>\n\n\n\n<div class=\"wp-block-cover alignfull is-light\" style=\"padding-top:2%;min-height:30rem;aspect-ratio:unset;\"><img decoding=\"async\" class=\"wp-block-cover__image-background wp-image-3037\" alt=\"\" src=\"https:\/\/tyler.com\/wp-content\/uploads\/2023\/11\/island-services-banner.jpg\" style=\"object-position:50% 80%\" data-object-fit=\"cover\" data-object-position=\"50% 80%\"\/><span aria-hidden=\"true\" class=\"wp-block-cover__background has-background-dim-0 has-background-dim\"><\/span><div class=\"wp-block-cover__inner-container has-global-padding is-layout-constrained wp-container-core-cover-is-layout-ee51f2d2 wp-block-cover-is-layout-constrained\">\n<div class=\"wp-block-group alignwide is-vertical is-content-justification-center is-layout-flex wp-container-core-group-is-layout-5e763914 wp-block-group-is-layout-flex\" style=\"min-height:8rem\">\n<div class=\"wp-block-group has-global-padding is-layout-constrained wp-container-core-group-is-layout-bea02a06 wp-block-group-is-layout-constrained\">\n<h2 class=\"wp-block-heading has-text-align-center has-text-color\" style=\"color:#07277c;margin-top:0rem;margin-bottom:1.01rem;font-size:clamp(2.071rem, 2.071rem + ((1vw - 0.2rem) * 2.98), 3.71rem);font-style:normal;font-weight:400;line-height:1;text-transform:capitalize\">projets<\/h2>\n<\/div>\n<\/div>\n<\/div><\/div>\n\n\n\n<div class=\"wp-block-group alignfull has-global-padding is-layout-constrained wp-container-core-group-is-layout-1257c590 wp-block-group-is-layout-constrained\" style=\"margin-top:0;margin-bottom:0;padding-top:5.51rem;padding-right:1rem;padding-bottom:3rem;padding-left:1rem\">\n<div class=\"wp-block-group alignwide has-global-padding is-layout-constrained wp-block-group-is-layout-constrained\" style=\"padding-bottom:1rem\">\n<h2 class=\"wp-block-heading has-text-align-center has-text-color\" style=\"color:#07277c;font-size:clamp(1.556rem, 1.556rem + ((1vw - 0.2rem) * 1.916), 2.61rem);font-style:normal;font-weight:600;line-height:1.5;text-transform:capitalize\">Projet 1 : Agence de voyage<\/h2>\n<\/div>\n\n\n\n<div class=\"wp-block-group has-global-padding is-layout-constrained wp-block-group-is-layout-constrained\">\n<p><strong>Contexte : <\/strong><br>Cr\u00e9ation d&rsquo;un site web pour une agence de voyage fictive nomm\u00e9e<br>Solution V, dans le cadre d&rsquo;un travail pratique r\u00e9alis\u00e9 en premi\u00e8re ann\u00e9e de BTS.<br><br><strong>Travail R\u00e9alis\u00e9 : <\/strong><br>Le projet a \u00e9t\u00e9 r\u00e9alis\u00e9 sur un poste de travail de l&rsquo;\u00e9tablissement scolaire, o\u00f9 j&rsquo;ai effectu\u00e9 le d\u00e9veloppement en local.<br>Mise en forme de la structure du site. Initialement, j&rsquo;ai r\u00e9alis\u00e9 des sch\u00e9mas sur papier pour chaque rubrique (Accueil, Pr\u00e9sentation, R\u00e9alisation, Contact) de mon site web.<br>Ensuite application du sch\u00e9ma sur Visual Studio. En premi\u00e8re partie, j&rsquo;ai cr\u00e9\u00e9 la structure des rubriques en HTML (header, body, footer), et en seconde partie une page CSS, permettant de faire le design du site web (police et taille d&rsquo;\u00e9criture, couleur, image).<br><br><strong>Outils et technologies utilis\u00e9s :<\/strong><br>Visual studio <br><br><strong>Comp\u00e9tence mobilis\u00e9es : <\/strong><br>C3.D\u00e9velopper la pr\u00e9sence en ligne de l&rsquo;organisation<br><br><strong>R\u00e9sultats obtenus :<\/strong><\/p>\n<\/div>\n<\/div>\n\n\n\n<div class=\"wp-block-group is-nowrap is-layout-flex wp-container-core-group-is-layout-6c531013 wp-block-group-is-layout-flex\">\n<figure class=\"wp-block-image size-full\"><img loading=\"lazy\" decoding=\"async\" width=\"588\" height=\"460\" src=\"https:\/\/kevinlavaka.csd-it.fr\/wp-content\/uploads\/2026\/01\/image-41.png\" alt=\"\" class=\"wp-image-364\" srcset=\"https:\/\/kevinlavaka.csd-it.fr\/wp-content\/uploads\/2026\/01\/image-41.png 588w, https:\/\/kevinlavaka.csd-it.fr\/wp-content\/uploads\/2026\/01\/image-41-300x235.png 300w\" sizes=\"auto, (max-width: 588px) 100vw, 588px\" \/><\/figure>\n\n\n\n<figure class=\"wp-block-image size-full\"><img loading=\"lazy\" decoding=\"async\" width=\"614\" height=\"494\" src=\"https:\/\/kevinlavaka.csd-it.fr\/wp-content\/uploads\/2026\/01\/image-42.png\" alt=\"\" class=\"wp-image-365\" srcset=\"https:\/\/kevinlavaka.csd-it.fr\/wp-content\/uploads\/2026\/01\/image-42.png 614w, https:\/\/kevinlavaka.csd-it.fr\/wp-content\/uploads\/2026\/01\/image-42-300x241.png 300w\" sizes=\"auto, (max-width: 614px) 100vw, 614px\" \/><\/figure>\n<\/div>\n\n\n\n<div class=\"wp-block-group is-nowrap is-layout-flex wp-container-core-group-is-layout-6c531013 wp-block-group-is-layout-flex\">\n<figure class=\"wp-block-image size-full\"><img loading=\"lazy\" decoding=\"async\" width=\"570\" height=\"374\" src=\"https:\/\/kevinlavaka.csd-it.fr\/wp-content\/uploads\/2026\/01\/image-46.png\" alt=\"\" class=\"wp-image-373\" srcset=\"https:\/\/kevinlavaka.csd-it.fr\/wp-content\/uploads\/2026\/01\/image-46.png 570w, https:\/\/kevinlavaka.csd-it.fr\/wp-content\/uploads\/2026\/01\/image-46-300x197.png 300w\" sizes=\"auto, (max-width: 570px) 100vw, 570px\" \/><\/figure>\n\n\n\n<figure class=\"wp-block-image size-full\"><img loading=\"lazy\" decoding=\"async\" width=\"563\" height=\"355\" src=\"https:\/\/kevinlavaka.csd-it.fr\/wp-content\/uploads\/2026\/01\/image-48.png\" alt=\"\" class=\"wp-image-375\" srcset=\"https:\/\/kevinlavaka.csd-it.fr\/wp-content\/uploads\/2026\/01\/image-48.png 563w, https:\/\/kevinlavaka.csd-it.fr\/wp-content\/uploads\/2026\/01\/image-48-300x189.png 300w\" sizes=\"auto, (max-width: 563px) 100vw, 563px\" \/><\/figure>\n<\/div>\n\n\n\n<p><strong>Bilan personnelle : <\/strong><br>Ce projet m&rsquo;a permis d&rsquo;acqu\u00e9rir des comp\u00e9tences en langage de programmation.<br>En effet n&rsquo;ayant pas le mat\u00e9riel n\u00e9cessaire, j&rsquo;ai pu trouver des solutions adapt\u00e9es face \u00e0 des contraintes mat\u00e9riel en travaillant sur un poste de travail au sein de l&rsquo;\u00e9tablissement scolaire.<br><\/p>\n\n\n\n<div class=\"wp-block-group alignfull has-global-padding is-layout-constrained wp-container-core-group-is-layout-1257c590 wp-block-group-is-layout-constrained\" style=\"margin-top:0;margin-bottom:0;padding-top:5.51rem;padding-right:1rem;padding-bottom:3rem;padding-left:1rem\">\n<div class=\"wp-block-group alignwide has-global-padding is-layout-constrained wp-block-group-is-layout-constrained\" style=\"padding-bottom:1rem\">\n<h2 class=\"wp-block-heading has-text-align-center has-text-color\" style=\"color:#07277c;font-size:clamp(1.556rem, 1.556rem + ((1vw - 0.2rem) * 1.916), 2.61rem);font-style:normal;font-weight:600;line-height:1.5;text-transform:capitalize\">Projet 2 : Gestion infrastructure<\/h2>\n<\/div>\n\n\n\n<div class=\"wp-block-group has-global-padding is-layout-constrained wp-block-group-is-layout-constrained\">\n<p><strong>Contexte : <\/strong><br>En travaille de groupe, avec mon bin\u00f4me nous avons mont\u00e9 une infrastructure pour une entreprise fictive \u00e0 partir d&rsquo;un cahier des charges. Ainsi l&rsquo;objectif appliquer mes connaissance th\u00e9orique en pratique et rendre le projet fonctionnelle.<br><br><br><strong>Travail r\u00e9alis\u00e9 :<\/strong> <br>Pour mener \u00e0 bien ce projet, nous avons r\u00e9parti les t\u00e2ches : pour ma part, j&rsquo;ai r\u00e9alis\u00e9 le d\u00e9coupage r\u00e9seau, en cr\u00e9ant des VLAN (sous-r\u00e9seau). Configuration du switch, en attribuant les bons param\u00e9trages et les adresses des VLAN.<br>J&rsquo;ai \u00e9galement particip\u00e9 \u00e0 la configuration du routeur effectuer par mon co\u00e9quipier.<br>Conception et mise en place des serveurs, Active Directory, site web, et Superviseur, \u00e0 partir d&rsquo;un hyperviseur (Proxmox), ce dernier permet de g\u00e9rer les ressources du parc informatique.<br>Sur Active Directory Installation des services, DHCP, GPO et cr\u00e9ation des utilisateurs et application de la m\u00e9thode AGDLP .<br><br><strong>Outils et technologies utilis\u00e9 :<\/strong><br>Routeur <br>Switch <br>Hyperviseur (Proxmox)<br>Active Directory <\/p>\n\n\n\n<p><br><strong>Comp\u00e9tence mobilis\u00e9 :<\/strong> <br>C1.Gestion du patrimoine et du parc Informatiques<br>C5.Mettre \u00e0 disposition des utilisateurs un service informatique<br><br><strong>Bilan personnelle:<\/strong><br>Ce projet m&rsquo;a permis de consolider mes comp\u00e9tences en syst\u00e8mes et r\u00e9seau, et \u00e0 \u00eatre rigoureux sur l&rsquo;aspect technique en identification des probl\u00e8mes de r\u00e9seaux.<br><br><\/p>\n<\/div>\n<\/div>\n\n\n\n<div class=\"wp-block-group alignfull has-global-padding is-layout-constrained wp-container-core-group-is-layout-1257c590 wp-block-group-is-layout-constrained\" style=\"margin-top:0;margin-bottom:0;padding-top:5.51rem;padding-right:1rem;padding-bottom:3rem;padding-left:1rem\">\n<div class=\"wp-block-group alignwide has-global-padding is-layout-constrained wp-block-group-is-layout-constrained\" style=\"padding-bottom:1rem\">\n<h2 class=\"wp-block-heading has-text-align-center has-text-color\" style=\"color:#07277c;font-size:clamp(1.556rem, 1.556rem + ((1vw - 0.2rem) * 1.916), 2.61rem);font-style:normal;font-weight:600;line-height:1.5;text-transform:capitalize\">Projet 3 : Projet OID<\/h2>\n<\/div>\n\n\n\n<div class=\"wp-block-group has-global-padding is-layout-constrained wp-block-group-is-layout-constrained\">\n<p><strong>Contexte :<\/strong> <br>Dans le cadre de ma formation en 1\u00e8re ann\u00e9e, j&rsquo;ai r\u00e9pondu \u00e0 un appel d&rsquo;offre d&rsquo;une entreprise fictive \u00e0 partir d&rsquo;un cahier des charges.<br>En travail de groupe, notre r\u00f4le a \u00e9t\u00e9 de proposer des solutions et mat\u00e9riel informatique adapt\u00e9s aux besoins du client.<br><br><strong>Travail r\u00e9alis\u00e9 :<\/strong><br>Nous avons r\u00e9alis\u00e9 la cr\u00e9ation d&rsquo;une entreprise avec ses services (installation, configuration d&rsquo;\u00e9quipement informatique).<br>En autonomie, j&rsquo;ai effectu\u00e9 des recherches sur des prestataires informatiques, qui vendent des mat\u00e9riels informatiques (PC fixe et portable, \u00e9cran, clavier, composants et PC). En fonction des mat\u00e9riels, j&rsquo;ai relev\u00e9 les caract\u00e9ristiques et s\u00e9lectionn\u00e9 le plus adapt\u00e9 \u00e0 la demande du client OID.<br>Nous avons proc\u00e9d\u00e9 \u00e0 une mise en commun des travaux et sur le budget des mat\u00e9riels.<br><br><strong>Outils et logiciels utilis\u00e9 :<\/strong><br>Word <br>Power Point<br><br><strong>Comp\u00e9tence mobilis\u00e9 : <\/strong><br>C2.R\u00e9pondre aux incidents et aux demandes d&rsquo;assistance et d&rsquo;\u00e9volution<br><br><strong>R\u00e9sultats obtenus :<\/strong><\/p>\n<\/div>\n<\/div>\n\n\n\n<div class=\"wp-block-group is-nowrap is-layout-flex wp-container-core-group-is-layout-6c531013 wp-block-group-is-layout-flex\">\n<figure class=\"wp-block-image size-full\"><img loading=\"lazy\" decoding=\"async\" width=\"455\" height=\"260\" src=\"https:\/\/kevinlavaka.csd-it.fr\/wp-content\/uploads\/2026\/01\/image-55.png\" alt=\"\" class=\"wp-image-401\" srcset=\"https:\/\/kevinlavaka.csd-it.fr\/wp-content\/uploads\/2026\/01\/image-55.png 455w, https:\/\/kevinlavaka.csd-it.fr\/wp-content\/uploads\/2026\/01\/image-55-300x171.png 300w\" sizes=\"auto, (max-width: 455px) 100vw, 455px\" \/><\/figure>\n<\/div>\n\n\n\n<div class=\"wp-block-group is-nowrap is-layout-flex wp-container-core-group-is-layout-6c531013 wp-block-group-is-layout-flex\">\n<figure class=\"wp-block-image size-full is-resized\"><img loading=\"lazy\" decoding=\"async\" width=\"474\" height=\"410\" src=\"https:\/\/kevinlavaka.csd-it.fr\/wp-content\/uploads\/2026\/01\/image-30.png\" alt=\"\" class=\"wp-image-257\" style=\"aspect-ratio:1.1561389775395918;width:223px;height:auto\" srcset=\"https:\/\/kevinlavaka.csd-it.fr\/wp-content\/uploads\/2026\/01\/image-30.png 474w, https:\/\/kevinlavaka.csd-it.fr\/wp-content\/uploads\/2026\/01\/image-30-300x259.png 300w\" sizes=\"auto, (max-width: 474px) 100vw, 474px\" \/><\/figure>\n\n\n\n<figure class=\"wp-block-image size-full\"><img loading=\"lazy\" decoding=\"async\" width=\"314\" height=\"344\" src=\"https:\/\/kevinlavaka.csd-it.fr\/wp-content\/uploads\/2026\/01\/image-54.png\" alt=\"\" class=\"wp-image-399\" srcset=\"https:\/\/kevinlavaka.csd-it.fr\/wp-content\/uploads\/2026\/01\/image-54.png 314w, https:\/\/kevinlavaka.csd-it.fr\/wp-content\/uploads\/2026\/01\/image-54-274x300.png 274w\" sizes=\"auto, (max-width: 314px) 100vw, 314px\" \/><\/figure>\n<\/div>\n\n\n\n<p><strong>Bilan personnel :<\/strong> <br><br>Ce projet m&rsquo;a permis de comprendre la d\u00e9marche d&rsquo;un appel d&rsquo;offres, les solutions adapt\u00e9 et l&rsquo;analyse du besoin du client.<br>Il m&rsquo;a \u00e9galement apport\u00e9 davantage de rigueur sur l&rsquo;\u00e9tude des risques, en tenant compte des contraintes techniques et budg\u00e9taires.<br><br><\/p>\n\n\n\n<div class=\"wp-block-group alignfull has-global-padding is-layout-constrained wp-container-core-group-is-layout-1257c590 wp-block-group-is-layout-constrained\" style=\"margin-top:0;margin-bottom:0;padding-top:5.51rem;padding-right:1rem;padding-bottom:3rem;padding-left:1rem\">\n<div class=\"wp-block-group alignwide has-global-padding is-layout-constrained wp-block-group-is-layout-constrained\" style=\"padding-bottom:1rem\">\n<h2 class=\"wp-block-heading has-text-align-center has-text-color\" style=\"color:#07277c;font-size:clamp(1.556rem, 1.556rem + ((1vw - 0.2rem) * 1.916), 2.61rem);font-style:normal;font-weight:600;line-height:1.5;text-transform:capitalize\">Projet 4 : Gestion de projet<\/h2>\n<\/div>\n\n\n\n<div class=\"wp-block-group has-global-padding is-layout-constrained wp-block-group-is-layout-constrained\">\n<p><strong>Contexte : <\/strong><br>Dans le cadre de ma formation, la gestion de projet permet d&rsquo;organiser des t\u00e2ches, de suivre le processus de progression, d&rsquo;analyser et de minimiser les risques dans le but d&rsquo;atteindre la finalit\u00e9 d&rsquo;un projet.<br>M\u00e9thodiquement, j&rsquo;ai appris \u00e0 planifier des t\u00e2ches, la gestion du budget gr\u00e2ce \u00e0 des logiciels num\u00e9riques.<br><br><strong>Objectif :<\/strong><br>Planification des t\u00e2ches, Gestion du budget, Analyser les risques <br><br><strong>Travail r\u00e9alis\u00e9 : <\/strong><br>Planification des t\u00e2ches : pour chaque t\u00e2che, j&rsquo;ai d\u00e9fini un intervalle de temps de travail et l&rsquo;ordre de priorit\u00e9, qui permet de g\u00e9rer en priorit\u00e9 le plus important en fonction du temps de travail et des ressources.<br>Gestion de budget : j&rsquo;ai saisi dans un tableau Excel les t\u00e2ches avec leur co\u00fbt et le co\u00fbt total du budget. Ainsi le tableau effectue un calcul qui permet de donner un indicateur.<br>Par la suite, j&rsquo;ai \u00e9tudi\u00e9 la gestion de risque, gr\u00e2ce \u00e0 un diagramme et en utilisant un tableau qui permet de mesurer le degr\u00e9 du risque de la t\u00e2che en fonction de sa probabilit\u00e9, s\u00e9v\u00e9rit\u00e9, impact, co\u00fbt de r\u00e9duction.<br><br><strong>Outils et technologies utilis\u00e9s :<\/strong><br>Logiciel Gant Project<br>Logiciel Excel <br><br><strong>Comp\u00e9tences mobilis\u00e9es :<\/strong><br>C4. Travailler en mode projet<br><br><strong>R\u00e9sultats obtenus :<\/strong><br><\/p>\n\n\n\n<div class=\"wp-block-group is-nowrap is-layout-flex wp-container-core-group-is-layout-6c531013 wp-block-group-is-layout-flex\">\n<div class=\"wp-block-group is-nowrap is-layout-flex wp-container-core-group-is-layout-6c531013 wp-block-group-is-layout-flex\">\n<figure class=\"wp-block-image size-full\"><img loading=\"lazy\" decoding=\"async\" width=\"876\" height=\"345\" src=\"https:\/\/kevinlavaka.csd-it.fr\/wp-content\/uploads\/2026\/01\/image-56.png\" alt=\"\" class=\"wp-image-405\" srcset=\"https:\/\/kevinlavaka.csd-it.fr\/wp-content\/uploads\/2026\/01\/image-56.png 876w, https:\/\/kevinlavaka.csd-it.fr\/wp-content\/uploads\/2026\/01\/image-56-300x118.png 300w, https:\/\/kevinlavaka.csd-it.fr\/wp-content\/uploads\/2026\/01\/image-56-768x302.png 768w\" sizes=\"auto, (max-width: 876px) 100vw, 876px\" \/><\/figure>\n\n\n\n<figure class=\"wp-block-image size-full\"><img loading=\"lazy\" decoding=\"async\" width=\"850\" height=\"520\" src=\"https:\/\/kevinlavaka.csd-it.fr\/wp-content\/uploads\/2026\/01\/image-57.png\" alt=\"\" class=\"wp-image-406\" srcset=\"https:\/\/kevinlavaka.csd-it.fr\/wp-content\/uploads\/2026\/01\/image-57.png 850w, https:\/\/kevinlavaka.csd-it.fr\/wp-content\/uploads\/2026\/01\/image-57-300x184.png 300w, https:\/\/kevinlavaka.csd-it.fr\/wp-content\/uploads\/2026\/01\/image-57-768x470.png 768w\" sizes=\"auto, (max-width: 850px) 100vw, 850px\" \/><\/figure>\n<\/div>\n<\/div>\n\n\n\n<div class=\"wp-block-group is-nowrap is-layout-flex wp-container-core-group-is-layout-6c531013 wp-block-group-is-layout-flex\">\n<div class=\"wp-block-group is-nowrap is-layout-flex wp-container-core-group-is-layout-6c531013 wp-block-group-is-layout-flex\">\n<figure class=\"wp-block-image size-full\"><img loading=\"lazy\" decoding=\"async\" width=\"863\" height=\"379\" src=\"https:\/\/kevinlavaka.csd-it.fr\/wp-content\/uploads\/2026\/01\/image-58.png\" alt=\"\" class=\"wp-image-407\" srcset=\"https:\/\/kevinlavaka.csd-it.fr\/wp-content\/uploads\/2026\/01\/image-58.png 863w, https:\/\/kevinlavaka.csd-it.fr\/wp-content\/uploads\/2026\/01\/image-58-300x132.png 300w, https:\/\/kevinlavaka.csd-it.fr\/wp-content\/uploads\/2026\/01\/image-58-768x337.png 768w\" sizes=\"auto, (max-width: 863px) 100vw, 863px\" \/><\/figure>\n\n\n\n<figure class=\"wp-block-image size-large\"><img loading=\"lazy\" decoding=\"async\" width=\"1024\" height=\"511\" src=\"https:\/\/kevinlavaka.csd-it.fr\/wp-content\/uploads\/2026\/01\/image-59-1024x511.png\" alt=\"\" class=\"wp-image-408\" srcset=\"https:\/\/kevinlavaka.csd-it.fr\/wp-content\/uploads\/2026\/01\/image-59-1024x511.png 1024w, https:\/\/kevinlavaka.csd-it.fr\/wp-content\/uploads\/2026\/01\/image-59-300x150.png 300w, https:\/\/kevinlavaka.csd-it.fr\/wp-content\/uploads\/2026\/01\/image-59-768x383.png 768w, https:\/\/kevinlavaka.csd-it.fr\/wp-content\/uploads\/2026\/01\/image-59.png 1245w\" sizes=\"auto, (max-width: 1024px) 100vw, 1024px\" \/><\/figure>\n<\/div>\n<\/div>\n<\/div>\n<\/div>\n\n\n\n<p><strong>Bilan Personnel :<\/strong><br>Ce projet m&rsquo;a permis de conna\u00eetre la gestion des t\u00e2ches et du budget, qui permet d&rsquo;optimiser son temps et de minimiser ses ressources.<br>\u00c9galement, j&rsquo;ai compris que l&rsquo;analyse des risques permet de comprendre les impacts et de trouver des solutions adapt\u00e9es avant ou apr\u00e8s le lancement d&rsquo;un projet.<\/p>\n\n\n\n<div class=\"wp-block-group alignfull has-global-padding is-layout-constrained wp-container-core-group-is-layout-1257c590 wp-block-group-is-layout-constrained\" style=\"margin-top:0;margin-bottom:0;padding-top:5.51rem;padding-right:1rem;padding-bottom:3rem;padding-left:1rem\">\n<h2 class=\"wp-block-heading has-text-align-center has-text-color\" style=\"color:#07277c;font-size:clamp(1.556rem, 1.556rem + ((1vw - 0.2rem) * 1.916), 2.61rem);font-style:normal;font-weight:600;line-height:1.5;text-transform:capitalize\">Projet 5 : Portfolio<\/h2>\n\n\n\n<div class=\"wp-block-group has-global-padding is-layout-constrained wp-block-group-is-layout-constrained\">\n<p><strong>Contexte : <\/strong><br>Durant ma formation j&rsquo;ai d\u00e9velopp\u00e9 et mis en ligne mon portfolio, qui a pour but de valoriser mon parcours et mes exp\u00e9rience personnel et professionnel. <\/p>\n\n\n\n<p><strong>Travail r\u00e9alis\u00e9 : <\/strong><br>Avant de pouvoir commencer le projet, j&rsquo;ai sollicit\u00e9 mes professeurs Mr.Parent et Mr. Armand, afin de trouver une solution d&rsquo;h\u00e9bergement de mon site portfolio.<br>En acc\u00e8s \u00e0 distance au serveur, sur linux j&rsquo;ai install\u00e9 : Apache, Php et Maria Db, des composants qui ont permis de cr\u00e9er et mettre en forme WordPress . Ce dernier est un langage de code, que j&rsquo;ai utilis\u00e9 pour donner forme \u00e0 mon portfolio.<br><br><strong>Outils et technologies utilis\u00e9s :<\/strong><br>PuTTY <br>WordPress<br><br><strong>Comp\u00e9tences mobilis\u00e9es :<\/strong><br>C5. Organiser son d\u00e9veloppement professionnel <br><br><strong>R\u00e9sultats obtenus :<\/strong><br><\/p>\n\n\n\n<div class=\"wp-block-group is-nowrap is-layout-flex wp-container-core-group-is-layout-6c531013 wp-block-group-is-layout-flex\">\n<div class=\"wp-block-group is-nowrap is-layout-flex wp-container-core-group-is-layout-6c531013 wp-block-group-is-layout-flex\">\n<figure class=\"wp-block-image size-full\"><img loading=\"lazy\" decoding=\"async\" width=\"643\" height=\"423\" src=\"https:\/\/kevinlavaka.csd-it.fr\/wp-content\/uploads\/2026\/02\/image-1.png\" alt=\"\" class=\"wp-image-1293\" srcset=\"https:\/\/kevinlavaka.csd-it.fr\/wp-content\/uploads\/2026\/02\/image-1.png 643w, https:\/\/kevinlavaka.csd-it.fr\/wp-content\/uploads\/2026\/02\/image-1-300x197.png 300w\" sizes=\"auto, (max-width: 643px) 100vw, 643px\" \/><\/figure>\n<\/div>\n<\/div>\n\n\n\n<div class=\"wp-block-group is-nowrap is-layout-flex wp-container-core-group-is-layout-6c531013 wp-block-group-is-layout-flex\">\n<div class=\"wp-block-group is-nowrap is-layout-flex wp-container-core-group-is-layout-6c531013 wp-block-group-is-layout-flex\">\n<figure class=\"wp-block-image size-large\"><img loading=\"lazy\" decoding=\"async\" width=\"1024\" height=\"505\" src=\"https:\/\/kevinlavaka.csd-it.fr\/wp-content\/uploads\/2026\/02\/image-3-1024x505.png\" alt=\"\" class=\"wp-image-1298\" srcset=\"https:\/\/kevinlavaka.csd-it.fr\/wp-content\/uploads\/2026\/02\/image-3-1024x505.png 1024w, https:\/\/kevinlavaka.csd-it.fr\/wp-content\/uploads\/2026\/02\/image-3-300x148.png 300w, https:\/\/kevinlavaka.csd-it.fr\/wp-content\/uploads\/2026\/02\/image-3-768x379.png 768w, https:\/\/kevinlavaka.csd-it.fr\/wp-content\/uploads\/2026\/02\/image-3-1536x757.png 1536w, https:\/\/kevinlavaka.csd-it.fr\/wp-content\/uploads\/2026\/02\/image-3.png 1886w\" sizes=\"auto, (max-width: 1024px) 100vw, 1024px\" \/><\/figure>\n<\/div>\n<\/div>\n<\/div>\n<\/div>\n\n\n\n<p><strong>Bilan personnel : <\/strong><br>Ce projet m&rsquo;a permis de mettre en pratique mes comp\u00e9tence en r\u00e9seau, apprendre \u00e0 utiliser WordPress retrac\u0327ant mon parcours personnel et professionnel.<br>Toutefois ayant eu des contrainte aux niveau de l&rsquo;organisation, j&rsquo;ai pu m&rsquo;adapter et \u00e0 \u00eatre encore plus organis\u00e9 sur le niveau de travail.<br><\/p>\n","protected":false},"excerpt":{"rendered":"<p>Projet 1 : Agence de voyage Contexte : Cr\u00e9ation d&rsquo;un site web pour une agence de voyage fictive nomm\u00e9eSolution V, dans le cadre d&rsquo;un travail pratique r\u00e9alis\u00e9 en premi\u00e8re ann\u00e9e de BTS. Travail R\u00e9alis\u00e9 : Le projet a \u00e9t\u00e9 r\u00e9alis\u00e9 sur un poste de travail de l&rsquo;\u00e9tablissement scolaire, o\u00f9 j&rsquo;ai effectu\u00e9 le d\u00e9veloppement en local.Mise [&hellip;]<\/p>\n","protected":false},"author":1,"featured_media":0,"parent":0,"menu_order":0,"comment_status":"closed","ping_status":"closed","template":"","meta":{"footnotes":""},"class_list":["post-14","page","type-page","status-publish","hentry"],"_links":{"self":[{"href":"https:\/\/kevinlavaka.csd-it.fr\/index.php?rest_route=\/wp\/v2\/pages\/14","targetHints":{"allow":["GET"]}}],"collection":[{"href":"https:\/\/kevinlavaka.csd-it.fr\/index.php?rest_route=\/wp\/v2\/pages"}],"about":[{"href":"https:\/\/kevinlavaka.csd-it.fr\/index.php?rest_route=\/wp\/v2\/types\/page"}],"author":[{"embeddable":true,"href":"https:\/\/kevinlavaka.csd-it.fr\/index.php?rest_route=\/wp\/v2\/users\/1"}],"replies":[{"embeddable":true,"href":"https:\/\/kevinlavaka.csd-it.fr\/index.php?rest_route=%2Fwp%2Fv2%2Fcomments&post=14"}],"version-history":[{"count":664,"href":"https:\/\/kevinlavaka.csd-it.fr\/index.php?rest_route=\/wp\/v2\/pages\/14\/revisions"}],"predecessor-version":[{"id":1537,"href":"https:\/\/kevinlavaka.csd-it.fr\/index.php?rest_route=\/wp\/v2\/pages\/14\/revisions\/1537"}],"wp:attachment":[{"href":"https:\/\/kevinlavaka.csd-it.fr\/index.php?rest_route=%2Fwp%2Fv2%2Fmedia&parent=14"}],"curies":[{"name":"wp","href":"https:\/\/api.w.org\/{rel}","templated":true}]}}