{"id":16,"date":"2026-01-02T10:44:20","date_gmt":"2026-01-02T09:44:20","guid":{"rendered":"https:\/\/kevinlavaka.csd-it.fr\/?page_id=16"},"modified":"2026-03-22T18:18:01","modified_gmt":"2026-03-22T17:18:01","slug":"stage","status":"publish","type":"page","link":"https:\/\/kevinlavaka.csd-it.fr\/?page_id=16","title":{"rendered":"Stage"},"content":{"rendered":"\n<div style=\"height:0px\" aria-hidden=\"true\" class=\"wp-block-spacer\"><\/div>\n\n\n\n<div class=\"wp-block-cover alignfull is-light\" style=\"padding-top:2%;min-height:30rem;aspect-ratio:unset;\"><img decoding=\"async\" class=\"wp-block-cover__image-background wp-image-3037\" alt=\"\" src=\"https:\/\/tyler.com\/wp-content\/uploads\/2023\/11\/island-services-banner.jpg\" style=\"object-position:50% 80%\" data-object-fit=\"cover\" data-object-position=\"50% 80%\"\/><span aria-hidden=\"true\" class=\"wp-block-cover__background has-background-dim-0 has-background-dim\"><\/span><div class=\"wp-block-cover__inner-container has-global-padding is-layout-constrained wp-container-core-cover-is-layout-ee51f2d2 wp-block-cover-is-layout-constrained\">\n<div class=\"wp-block-group alignwide is-vertical is-content-justification-center is-layout-flex wp-container-core-group-is-layout-5e763914 wp-block-group-is-layout-flex\" style=\"min-height:8rem\">\n<div class=\"wp-block-group has-global-padding is-layout-constrained wp-container-core-group-is-layout-bea02a06 wp-block-group-is-layout-constrained\">\n<h2 class=\"wp-block-heading has-text-align-center has-text-color\" style=\"color:#07277c;margin-top:0rem;margin-bottom:1.01rem;font-size:clamp(2.071rem, 2.071rem + ((1vw - 0.2rem) * 2.98), 3.71rem);font-style:normal;font-weight:400;line-height:1;text-transform:capitalize\">stages<\/h2>\n<\/div>\n<\/div>\n<\/div><\/div>\n\n\n\n<section class=\"wp-block-group alignfull has-text-color has-global-padding is-layout-constrained wp-container-core-group-is-layout-4252d6ba wp-block-group-is-layout-constrained\" style=\"color:#03081e;margin-top:0px;padding-top:6.51rem;padding-right:1rem;padding-bottom:5.5rem;padding-left:1rem;font-size:clamp(0.875rem, 0.875rem + ((1vw - 0.2rem) * 0.464), 1.13rem);font-style:normal;font-weight:400;line-height:1.4\">\n<div class=\"wp-block-columns is-layout-flex wp-container-core-columns-is-layout-db2df21c wp-block-columns-is-layout-flex\" style=\"margin-bottom:0px\">\n<div class=\"wp-block-column has-global-padding is-content-justification-left is-layout-constrained wp-container-core-column-is-layout-12dd3699 wp-block-column-is-layout-constrained\" style=\"flex-basis:50%\">\n<figure class=\"wp-block-image size-full is-resized\"><img loading=\"lazy\" decoding=\"async\" width=\"886\" height=\"886\" src=\"https:\/\/kevinlavaka.csd-it.fr\/wp-content\/uploads\/2026\/02\/image-5.png\" alt=\"\" class=\"wp-image-1451\" style=\"width:427px;height:auto\" srcset=\"https:\/\/kevinlavaka.csd-it.fr\/wp-content\/uploads\/2026\/02\/image-5.png 886w, https:\/\/kevinlavaka.csd-it.fr\/wp-content\/uploads\/2026\/02\/image-5-300x300.png 300w, https:\/\/kevinlavaka.csd-it.fr\/wp-content\/uploads\/2026\/02\/image-5-150x150.png 150w, https:\/\/kevinlavaka.csd-it.fr\/wp-content\/uploads\/2026\/02\/image-5-768x768.png 768w\" sizes=\"auto, (max-width: 886px) 100vw, 886px\" \/><\/figure>\n<\/div>\n\n\n\n<div class=\"wp-block-column is-layout-flow wp-block-column-is-layout-flow\">\n<div class=\"wp-block-group is-vertical is-content-justification-left is-layout-flex wp-container-core-group-is-layout-c5d44cae wp-block-group-is-layout-flex\" style=\"min-height:100%\">\n<div class=\"wp-block-group has-global-padding is-content-justification-center is-layout-constrained wp-container-core-group-is-layout-b15c80d6 wp-block-group-is-layout-constrained\">\n<h3 class=\"wp-block-heading has-text-align-center has-text-color\" style=\"color:#07277c;margin-top:0.5rem;margin-bottom:1.01rem;font-size:clamp(1.044rem, 1.044rem + ((1vw - 0.2rem) * 1.029), 1.61rem);font-style:normal;font-weight:500;letter-spacing:0px;line-height:1.3;text-transform:capitalize\">SF2I-Nouvelle Cal\u00e9donie <\/h3>\n\n\n\n<p class=\"has-text-align-left has-text-color\" style=\"color:#03081e;margin-top:0rem;font-size:clamp(0.875rem, 0.875rem + ((1vw - 0.2rem) * 0.245), 1.01rem);font-style:normal;font-weight:400;line-height:1.6\"><strong>Secteur&nbsp;: <\/strong><br>entreprise sp\u00e9cialis\u00e9e dans le domaine de l\u2019informatique, accompagne les clients sur la gestion de leur syst\u00e8me d&rsquo;information.<br><strong>Impl\u00e9menter g\u00e9ographiquement&nbsp;: <\/strong><br>Polyn\u00e9sie fran\u00e7aise, France, Nouvelle-Cal\u00e9donie<br><strong>Employ\u00e9&nbsp;:<\/strong> 30 <\/p>\n<\/div>\n\n\n\n<div class=\"wp-block-group has-global-padding is-content-justification-center is-layout-constrained wp-container-core-group-is-layout-b15c80d6 wp-block-group-is-layout-constrained\">\n<h3 class=\"wp-block-heading has-text-align-center has-text-color\" style=\"color:#07277c;margin-top:0.5rem;margin-bottom:1.01rem;font-size:clamp(1.044rem, 1.044rem + ((1vw - 0.2rem) * 1.029), 1.61rem);font-style:normal;font-weight:500;letter-spacing:0px;line-height:1.3;text-transform:capitalize\">Services<\/h3>\n\n\n\n<p class=\"has-text-align-left has-text-color\" style=\"color:#03081e;margin-top:0rem;font-size:clamp(0.875rem, 0.875rem + ((1vw - 0.2rem) * 0.245), 1.01rem);font-style:normal;font-weight:400;line-height:1.6\"><strong>Support Informatique :<\/strong> Maintenance et support de parc informatique (Service Desk, Service Hotline, Service exploitation, Service Proximit\u00e9).<\/p>\n\n\n\n<p class=\"has-text-align-left has-text-color\" style=\"color:#03081e;margin-top:0rem;font-size:clamp(0.875rem, 0.875rem + ((1vw - 0.2rem) * 0.245), 1.01rem);font-style:normal;font-weight:400;line-height:1.6\"><strong>Ing\u00e9nierie Informatique :<\/strong> Accompagnement sur des projets, architecture des Syst\u00e8mes d\u2019Information, Cloud, Syst\u00e8mes et R\u00e9seaux.<br><\/p>\n<\/div>\n<\/div>\n<\/div>\n<\/div>\n<\/section>\n\n\n\n<section class=\"wp-block-group alignfull has-text-color has-global-padding is-layout-constrained wp-container-core-group-is-layout-b691706e wp-block-group-is-layout-constrained\" style=\"color:#03081e;margin-top:0px;padding-top:4.01rem;padding-right:1rem;padding-bottom:5.5rem;padding-left:1rem;font-size:clamp(0.875rem, 0.875rem + ((1vw - 0.2rem) * 0.464), 1.13rem);font-style:normal;font-weight:400;line-height:1.4\">\n<h3 class=\"wp-block-heading has-text-align-center has-text-color\" style=\"color:#07277c;margin-top:0.5rem;margin-bottom:1.01rem;font-size:clamp(1.044rem, 1.044rem + ((1vw - 0.2rem) * 1.029), 1.61rem);font-style:normal;font-weight:500;letter-spacing:0px;line-height:1.3;text-transform:capitalize\">Mission<\/h3>\n\n\n\n<p><strong>Contexte : <\/strong><br>Lors de mon stage, j&rsquo;ai \u00e9t\u00e9 en relation avec les clients afin de diagnostiquer et de relever les incidents informatiques pour assurer une prise en charge rapide et efficace.<br><br><strong>Objectif :<\/strong><br>Diagnostiquer la demande du client <br><br><strong>Travail r\u00e9alis\u00e9s : <\/strong><br>Durant cette mission, j\u2019ai \u00e9t\u00e9 charg\u00e9 d\u2019effectuer des appels t\u00e9l\u00e9phoniques aupr\u00e8s des utilisateurs. Par la suite, je devais relever et diagnostiquer les incidents informatiques (dysfonctionnements d\u2019\u00e9cran, de PC, d\u2019imprimante et de t\u00e9l\u00e9phone fixe), puis transmettre la liste des incidents au service d&rsquo;intervention.<br><br><br><strong>Outils et technologies utilis\u00e9es :<\/strong> <br>X3MC<br>Excel <br><br><strong>Comp\u00e9tences mobilis\u00e9es : <\/strong><br>C2.R\u00e9pondre aux incidents et aux demandes d&rsquo;assistance et d&rsquo;\u00e9volution<br><br><strong>Bilan personnel : <\/strong><br>Cette mission m\u2019a permis de gagner en comp\u00e9tences dans la gestion des incidents et communication avec le client : une communication claire et professionnelle.<br>Sur le plan humain, bien que j\u2019aie \u00e9t\u00e9 stress\u00e9 au d\u00e9part, j\u2019ai pu prendre confiance en moi et corriger mes lacunes.<br><br><\/p>\n<\/section>\n\n\n\n<section class=\"wp-block-group alignfull has-text-color has-global-padding is-layout-constrained wp-container-core-group-is-layout-4252d6ba wp-block-group-is-layout-constrained\" style=\"color:#03081e;margin-top:0px;padding-top:6.51rem;padding-right:1rem;padding-bottom:5.5rem;padding-left:1rem;font-size:clamp(0.875rem, 0.875rem + ((1vw - 0.2rem) * 0.464), 1.13rem);font-style:normal;font-weight:400;line-height:1.4\">\n<div class=\"wp-block-columns is-layout-flex wp-container-core-columns-is-layout-db2df21c wp-block-columns-is-layout-flex\" style=\"margin-bottom:0px\">\n<div class=\"wp-block-column has-global-padding is-content-justification-left is-layout-constrained wp-container-core-column-is-layout-12dd3699 wp-block-column-is-layout-constrained\" style=\"flex-basis:50%\">\n<figure class=\"wp-block-image size-full is-resized\"><img loading=\"lazy\" decoding=\"async\" width=\"200\" height=\"200\" src=\"https:\/\/kevinlavaka.csd-it.fr\/wp-content\/uploads\/2026\/03\/image.png\" alt=\"\" class=\"wp-image-1482\" style=\"width:313px;height:auto\" srcset=\"https:\/\/kevinlavaka.csd-it.fr\/wp-content\/uploads\/2026\/03\/image.png 200w, https:\/\/kevinlavaka.csd-it.fr\/wp-content\/uploads\/2026\/03\/image-150x150.png 150w\" sizes=\"auto, (max-width: 200px) 100vw, 200px\" \/><\/figure>\n<\/div>\n\n\n\n<div class=\"wp-block-column is-layout-flow wp-block-column-is-layout-flow\">\n<div class=\"wp-block-group is-vertical is-content-justification-left is-layout-flex wp-container-core-group-is-layout-c5d44cae wp-block-group-is-layout-flex\" style=\"min-height:100%\">\n<div class=\"wp-block-group has-global-padding is-content-justification-center is-layout-constrained wp-container-core-group-is-layout-b15c80d6 wp-block-group-is-layout-constrained\">\n<h3 class=\"wp-block-heading has-text-align-center has-text-color\" style=\"color:#07277c;margin-top:0.5rem;margin-bottom:1.01rem;font-size:clamp(1.044rem, 1.044rem + ((1vw - 0.2rem) * 1.029), 1.61rem);font-style:normal;font-weight:500;letter-spacing:0px;line-height:1.3;text-transform:capitalize\"><br>CYBERG-Annonay<\/h3>\n\n\n\n<p class=\"has-text-align-left has-text-color\" style=\"color:#03081e;margin-top:0rem;font-size:clamp(0.875rem, 0.875rem + ((1vw - 0.2rem) * 0.245), 1.01rem);font-style:normal;font-weight:400;line-height:1.6\"><strong>Secteur&nbsp;: <\/strong><br>entreprise sp\u00e9cialis\u00e9e dans le domaine de l\u2019informatique, proposant des solutions adapt\u00e9 et innovantes des syst\u00e8mes informations.<br><strong>Impl\u00e9menter G\u00e9ographiquement&nbsp;: <\/strong><br><strong>Employ\u00e9&nbsp;:<\/strong> 32 <\/p>\n<\/div>\n<\/div>\n<\/div>\n<\/div>\n<\/section>\n\n\n\n<div class=\"wp-block-group has-global-padding is-layout-constrained wp-block-group-is-layout-constrained\">\n<h3 class=\"wp-block-heading has-text-align-center has-text-color\" style=\"color:#07277c;margin-top:0.5rem;margin-bottom:1.01rem;font-size:clamp(1.044rem, 1.044rem + ((1vw - 0.2rem) * 1.029), 1.61rem);font-style:normal;font-weight:500;letter-spacing:0px;line-height:1.3;text-transform:capitalize\">Services<\/h3>\n\n\n\n<div class=\"wp-block-columns is-layout-flex wp-container-core-columns-is-layout-28f84493 wp-block-columns-is-layout-flex\">\n<div class=\"wp-block-column is-layout-flow wp-block-column-is-layout-flow\">\n<p class=\"has-text-align-left has-text-color\" style=\"color:#03081e;margin-top:0rem;font-size:clamp(0.875rem, 0.875rem + ((1vw - 0.2rem) * 0.245), 1.01rem);font-style:normal;font-weight:400;line-height:1.6\"><strong>Infrastructure syst\u00e8me et r\u00e9seau<\/strong><br>Vente, Installation , Configuration, Maintenance<br><br><strong>D\u00e9veloppement Logiciel<\/strong><br>Cr\u00e9ation de Logiciels sur mesure, Solution Web<br><br><strong>Cybers\u00e9curit\u00e9<br><\/strong>Audit de s\u00e9curit\u00e9, Test d&rsquo;intrusion, Sauvegarde, Gestion de s\u00e9curit\u00e9<\/p>\n<\/div>\n\n\n\n<div class=\"wp-block-column is-layout-flow wp-block-column-is-layout-flow\">\n<p class=\"has-text-align-left has-text-color\" style=\"color:#03081e;margin-top:0rem;font-size:clamp(0.875rem, 0.875rem + ((1vw - 0.2rem) * 0.245), 1.01rem);font-style:normal;font-weight:400;line-height:1.6\"><strong>T\u00e9l\u00e9phonie et internet<\/strong><br>Acc\u00e8s internet, t\u00e9l\u00e9phone fixe, t\u00e9l\u00e9phonie mobile<br><br><strong>Solution d&rsquo;impression et d\u00e9mat\u00e9rialisation<\/strong><br>Multifonctions , Traceurs D\u00e9mat\u00e9rialisation<br><br><\/p>\n<\/div>\n<\/div>\n<\/div>\n\n\n\n<section class=\"wp-block-group alignfull has-text-color has-global-padding is-layout-constrained wp-container-core-group-is-layout-4252d6ba wp-block-group-is-layout-constrained\" style=\"color:#03081e;margin-top:0px;padding-top:6.51rem;padding-right:1rem;padding-bottom:5.5rem;padding-left:1rem;font-size:clamp(0.875rem, 0.875rem + ((1vw - 0.2rem) * 0.464), 1.13rem);font-style:normal;font-weight:400;line-height:1.4\">\n<h3 class=\"wp-block-heading has-text-align-center has-text-color\" style=\"color:#07277c;margin-top:0.5rem;margin-bottom:1.01rem;font-size:clamp(1.044rem, 1.044rem + ((1vw - 0.2rem) * 1.029), 1.61rem);font-style:normal;font-weight:500;letter-spacing:0px;line-height:1.3;text-transform:capitalize\">Mission<\/h3>\n\n\n\n<p><br><strong>Mission 1 contexte :<\/strong><br>J&rsquo;ai proc\u00e9d\u00e9 \u00e0 un formatage des donn\u00e9es de disque d&rsquo;ancien poste de travail, le but de cette t\u00e2che \u00e9tait de s&rsquo;assurer que ces disques ne contiennent plus aucune donn\u00e9e afin qu&rsquo;ils soient \u00e0 disposition pour les futurs postes de travail des clients.<br><br><strong>Travail r\u00e9alis\u00e9 :<\/strong><br>Gr\u00e2ce \u00e0 un adaptateur USB NVME, qui permet la lecture des disques SSD, j&rsquo;ai ins\u00e9r\u00e9 les disques de PC et par la suite acc\u00e9d\u00e9 \u00e0 l&rsquo;interface explorateur de fichiers pour formater les disques.<br><br><strong>Outils et technologies utilis\u00e9s : <\/strong><br>adaptateur USB NVME<br><br><strong>Comp\u00e9tence mobilis\u00e9es : <\/strong><br>C1.Gerer un patrimoine informatique <br><br><strong>Bilan personnel :<\/strong><br>En r\u00e9alisant cette t\u00e2che, j\u2019ai pris conscience de la n\u00e9cessit\u00e9 de la gestion de l\u2019inventaire, qui permet de minimiser les co\u00fbts d\u2019achat de disques et de maintenir un stock de secours.<br><br><br><strong>Mission 2<\/strong> <strong>contexte : <\/strong><br>En atelier \u00e0 cyberg, j\u2019ai eu pour mission d\u2019effectuer un clonage, le boot stack et un agrandissement de partition.<br><br><strong>Travail r\u00e9alis\u00e9 : <\/strong><br>Avant d\u2019effectuer le clonage, j&rsquo;ai r\u00e9alis\u00e9 un boot sur un poste de travail afin d\u2019installer Windows 11. Le boot est le processus de d\u00e9marrage de l&rsquo;ordinateur qui permet de choisir un syst\u00e8me avant le lancement de Windows.<br>Ensuite, en suivant une proc\u00e9dure \u00e9tablie, j\u2019ai proc\u00e9d\u00e9 d\u2019une part \u00e0 la suppression des partitions du disque et, d\u2019autre part, \u00e0 l\u2019agrandissement de la partition du disque avant d\u2019y avoir effectu\u00e9 le clonage.<br><br><strong>Outils et technologies utilis\u00e9es :<\/strong><br>Iodd <br>invite de commande Windows<br><br><strong>Comp\u00e9tence mobilis\u00e9es : <\/strong><br>C5. Mettre \u00e0 disposition des utilisateurs un service informatique<br><br><strong>Bilan personnel : <\/strong><br>Durant cette mission, j&rsquo;ai pu comprendre et appliquer une proc\u00e9dure avec rigueur, notamment le principe du boot et clonage.<br><br><strong>Mission 3 contexte :<\/strong> <br>Durant mon stage j&rsquo;ai effectu\u00e9 des interventions sur site, en d\u00e9ployant des mat\u00e9riels informatiques.<br><br><strong>Travail r\u00e9alis\u00e9 : <\/strong><br>Globalement j&rsquo;ai d\u00e9ploy\u00e9 des postes de travaille, mettant en place des \u00e9crans PC, clavier, souris et station d&rsquo;accueil. Aussi j&rsquo;ai pu installer des onduleurs, qui permet de prendre la rel\u00e8ve en cas de coupure de courant.<br><br><strong>Comp\u00e9tence mobilis\u00e9es : <\/strong><br>Mettre \u00e0 disposition des utilisateurs un service informatique<br><br><strong>Outils et technologies utilis\u00e9es :<\/strong><br>Poste de travail<br>Onduleur <br><br><strong>Bilan personnel : <\/strong><br>Ces interventions en entreprises mon permis d&rsquo;acqu\u00e9rir en comp\u00e9tence en d\u00e9ployant un service pour le client.<\/p>\n\n\n\n<p><br><\/p>\n<\/section>\n","protected":false},"excerpt":{"rendered":"<p>SF2I-Nouvelle Cal\u00e9donie Secteur&nbsp;: entreprise sp\u00e9cialis\u00e9e dans le domaine de l\u2019informatique, accompagne les clients sur la gestion de leur syst\u00e8me d&rsquo;information.Impl\u00e9menter g\u00e9ographiquement&nbsp;: Polyn\u00e9sie fran\u00e7aise, France, Nouvelle-Cal\u00e9donieEmploy\u00e9&nbsp;: 30 Services Support Informatique : Maintenance et support de parc informatique (Service Desk, Service Hotline, Service exploitation, Service Proximit\u00e9). Ing\u00e9nierie Informatique : Accompagnement sur des projets, architecture des Syst\u00e8mes d\u2019Information, [&hellip;]<\/p>\n","protected":false},"author":1,"featured_media":0,"parent":0,"menu_order":0,"comment_status":"closed","ping_status":"closed","template":"","meta":{"footnotes":""},"class_list":["post-16","page","type-page","status-publish","hentry"],"_links":{"self":[{"href":"https:\/\/kevinlavaka.csd-it.fr\/index.php?rest_route=\/wp\/v2\/pages\/16","targetHints":{"allow":["GET"]}}],"collection":[{"href":"https:\/\/kevinlavaka.csd-it.fr\/index.php?rest_route=\/wp\/v2\/pages"}],"about":[{"href":"https:\/\/kevinlavaka.csd-it.fr\/index.php?rest_route=\/wp\/v2\/types\/page"}],"author":[{"embeddable":true,"href":"https:\/\/kevinlavaka.csd-it.fr\/index.php?rest_route=\/wp\/v2\/users\/1"}],"replies":[{"embeddable":true,"href":"https:\/\/kevinlavaka.csd-it.fr\/index.php?rest_route=%2Fwp%2Fv2%2Fcomments&post=16"}],"version-history":[{"count":288,"href":"https:\/\/kevinlavaka.csd-it.fr\/index.php?rest_route=\/wp\/v2\/pages\/16\/revisions"}],"predecessor-version":[{"id":1492,"href":"https:\/\/kevinlavaka.csd-it.fr\/index.php?rest_route=\/wp\/v2\/pages\/16\/revisions\/1492"}],"wp:attachment":[{"href":"https:\/\/kevinlavaka.csd-it.fr\/index.php?rest_route=%2Fwp%2Fv2%2Fmedia&parent=16"}],"curies":[{"name":"wp","href":"https:\/\/api.w.org\/{rel}","templated":true}]}}